{"id":21,"date":"2023-12-20T22:42:33","date_gmt":"2023-12-20T22:42:33","guid":{"rendered":"https:\/\/beulenzentrale.de\/?page_id=21"},"modified":"2023-12-21T09:15:15","modified_gmt":"2023-12-21T09:15:15","slug":"kontakt","status":"publish","type":"page","link":"https:\/\/beulenzentrale.de\/?page_id=21","title":{"rendered":"Kontakt"},"content":{"rendered":"\t\t<div data-elementor-type=\"wp-page\" data-elementor-id=\"21\" class=\"elementor elementor-21\">\n\t\t\t\t<div class=\"elementor-element elementor-element-d7f85cd e-flex e-con-boxed e-con e-parent\" data-id=\"d7f85cd\" data-element_type=\"container\" data-e-type=\"container\">\n\t\t\t\t\t<div class=\"e-con-inner\">\n\t\t\t\t<div class=\"elementor-element elementor-element-cf23e59 elementor-widget elementor-widget-heading\" data-id=\"cf23e59\" data-element_type=\"widget\" data-e-type=\"widget\" data-widget_type=\"heading.default\">\n\t\t\t\t<div class=\"elementor-widget-container\">\n\t\t\t\t\t<h1 class=\"elementor-heading-title elementor-size-default\">SIE BRAUCHEN EINEN ZUVERL\u00c4SSIGEN BEULENDOKTOR?<\/h1>\t\t\t\t<\/div>\n\t\t\t\t<\/div>\n\t\t\t\t<div class=\"elementor-element elementor-element-2694407 elementor-widget elementor-widget-text-editor\" data-id=\"2694407\" data-element_type=\"widget\" data-e-type=\"widget\" data-widget_type=\"text-editor.default\">\n\t\t\t\t<div class=\"elementor-widget-container\">\n\t\t\t\t\t\t\t\t\t<p>WIR BERATEN SIE JEDERZEIT GERNE UNTER: 0162 938 253 2<\/p>\t\t\t\t\t\t\t\t<\/div>\n\t\t\t\t<\/div>\n\t\t\t\t<div class=\"elementor-element elementor-element-9e660ee elementor-widget elementor-widget-shortcode\" data-id=\"9e660ee\" data-element_type=\"widget\" data-e-type=\"widget\" data-widget_type=\"shortcode.default\">\n\t\t\t\t<div class=\"elementor-widget-container\">\n\t\t\t\t\t\t\t<div class=\"elementor-shortcode\"><div class=\"forminator-ui forminator-custom-form forminator-custom-form-45 forminator-design--flat  forminator_ajax\" data-forminator-render=\"0\" data-form=\"forminator-module-45\" data-uid=\"69dfc0a099a50\"><br\/><\/div><form\n\t\t\t\tid=\"forminator-module-45\"\n\t\t\t\tclass=\"forminator-ui forminator-custom-form forminator-custom-form-45 forminator-design--flat  forminator_ajax\"\n\t\t\t\tmethod=\"post\"\n\t\t\t\tdata-forminator-render=\"0\"\n\t\t\t\tdata-form-id=\"45\"\n\t\t\t\t data-color-option=\"default\" data-design=\"flat\" data-grid=\"open\" style=\"display: none;\"\n\t\t\t\tdata-uid=\"69dfc0a099a50\"\n\t\t\t><div role=\"alert\" aria-live=\"polite\" class=\"forminator-response-message forminator-error\" aria-hidden=\"true\"><\/div><div class=\"forminator-row\"><div id=\"name-1\" class=\"forminator-field-name forminator-col forminator-col-12 \"><div class=\"forminator-field\"><label for=\"forminator-field-name-1_69dfc0a099a50\" id=\"forminator-field-name-1_69dfc0a099a50-label\" class=\"forminator-label\">Vor- und Nachname<\/label><input type=\"text\" name=\"name-1\" value=\"\" placeholder=\"\" id=\"forminator-field-name-1_69dfc0a099a50\" class=\"forminator-input forminator-name--field\" aria-required=\"false\" autocomplete=\"name\" \/><\/div><\/div><\/div><div class=\"forminator-row\"><div id=\"email-1\" class=\"forminator-field-email forminator-col forminator-col-6 \"><div class=\"forminator-field\"><label for=\"forminator-field-email-1_69dfc0a099a50\" id=\"forminator-field-email-1_69dfc0a099a50-label\" class=\"forminator-label\">E-Mail-Adresse<\/label><input type=\"email\" name=\"email-1\" value=\"\" placeholder=\"\" id=\"forminator-field-email-1_69dfc0a099a50\" class=\"forminator-input forminator-email--field\" data-required=\"\" aria-required=\"false\" autocomplete=\"email\" \/><\/div><\/div><div id=\"phone-1\" class=\"forminator-field-phone forminator-col forminator-col-6 \"><div class=\"forminator-field\"><label for=\"forminator-field-phone-1_69dfc0a099a50\" id=\"forminator-field-phone-1_69dfc0a099a50-label\" class=\"forminator-label\">Telefon\/Mobil<\/label><input type=\"text\" name=\"phone-1\" value=\"\" placeholder=\"\" id=\"forminator-field-phone-1_69dfc0a099a50\" class=\"forminator-input forminator-field--phone\" data-required=\"\" aria-required=\"false\" autocomplete=\"off\" \/><\/div><\/div><\/div><div class=\"forminator-row\"><div id=\"textarea-1\" class=\"forminator-field-textarea forminator-col forminator-col-12 \"><div class=\"forminator-field\"><label for=\"forminator-field-textarea-1_69dfc0a099a50\" id=\"forminator-field-textarea-1_69dfc0a099a50-label\" class=\"forminator-label\">Ihre Nachricht<\/label><textarea name=\"textarea-1\" placeholder=\"\" id=\"forminator-field-textarea-1_69dfc0a099a50\" class=\"forminator-textarea\" rows=\"6\" style=\"min-height:140px;\" ><\/textarea><\/div><\/div><\/div><div class=\"forminator-row\"><div id=\"consent-1\" class=\"forminator-field-consent forminator-col forminator-col-12 \"><div class=\"forminator-field\"><label for=\"forminator-field-consent-1_69dfc0a099a50\" id=\"forminator-field-consent-1_69dfc0a099a50-label\" class=\"forminator-label\">Datenschutz-Einwilligung <span class=\"forminator-required\">*<\/span><\/label><div class=\"forminator-checkbox__wrapper\"><label id=\"forminator-field-consent-1_69dfc0a099a50__label\" class=\"forminator-checkbox forminator-consent\"><input type=\"checkbox\" name=\"consent-1\" id=\"forminator-field-consent-1_69dfc0a099a50\" value=\"checked\" aria-labelledby=\"forminator-field-consent-1_69dfc0a099a50-label\" aria-describedby=\"forminator-field-consent-1_69dfc0a099a50__description\" data-required=\"true\" aria-required=\"true\" \/><span class=\"forminator-checkbox-box\" aria-hidden=\"true\"><\/span><\/label><div id=\"forminator-field-consent-1_69dfc0a099a50__description\" class=\"forminator-checkbox__label forminator-consent__label\"><p>Ja, hiermit akzeptiere ich die Verarbeitung meiner Daten und stimme hiermit zu.<\/p><\/div><\/div><\/div><\/div><\/div><input type=\"hidden\" name=\"referer_url\" value=\"\" \/><div class=\"forminator-row forminator-row-last\"><div class=\"forminator-col\"><div class=\"forminator-field\"><button class=\"forminator-button forminator-button-submit\">Nachricht senden<\/button><\/div><\/div><\/div><input type=\"hidden\" id=\"forminator_nonce\" name=\"forminator_nonce\" value=\"19863e05a4\" \/><input type=\"hidden\" name=\"_wp_http_referer\" value=\"\/index.php?rest_route=%2Fwp%2Fv2%2Fpages%2F21\" \/><input type=\"hidden\" name=\"form_id\" value=\"45\"><input type=\"hidden\" name=\"page_id\" value=\"21\"><input type=\"hidden\" name=\"form_type\" value=\"default\"><input type=\"hidden\" name=\"current_url\" value=\"https:\/\/beulenzentrale.de\/?page_id=21\"><input type=\"hidden\" name=\"render_id\" value=\"0\"><input type=\"hidden\" name=\"action\" value=\"forminator_submit_form_custom-forms\"><\/form><\/div>\n\t\t\t\t\t\t<\/div>\n\t\t\t\t<\/div>\n\t\t<div class=\"elementor-element elementor-element-ca33229 e-flex e-con-boxed e-con e-child\" data-id=\"ca33229\" data-element_type=\"container\" data-e-type=\"container\">\n\t\t\t\t\t<div class=\"e-con-inner\">\n\t\t\t\t<div class=\"elementor-element elementor-element-2437b31 elementor-widget elementor-widget-heading\" data-id=\"2437b31\" data-element_type=\"widget\" data-e-type=\"widget\" data-widget_type=\"heading.default\">\n\t\t\t\t<div class=\"elementor-widget-container\">\n\t\t\t\t\t<h2 class=\"elementor-heading-title elementor-size-default\">Hier finden Sie uns<\/h2>\t\t\t\t<\/div>\n\t\t\t\t<\/div>\n\t\t\t\t<div class=\"elementor-element elementor-element-285ca58 elementor-widget elementor-widget-google_maps\" data-id=\"285ca58\" data-element_type=\"widget\" data-e-type=\"widget\" data-widget_type=\"google_maps.default\">\n\t\t\t\t<div class=\"elementor-widget-container\">\n\t\t\t\t\t\t\t<div class=\"elementor-custom-embed\">\n\t\t\t<iframe loading=\"lazy\"\n\t\t\t\t\tsrc=\"https:\/\/maps.google.com\/maps?q=Richard-Seiffert-Stra%C3%9Fe%207%2051469%20Bergisch%20Gladbach&#038;t=m&#038;z=14&#038;output=embed&#038;iwloc=near\"\n\t\t\t\t\ttitle=\"Richard-Seiffert-Stra\u00dfe 7 51469 Bergisch Gladbach\"\n\t\t\t\t\taria-label=\"Richard-Seiffert-Stra\u00dfe 7 51469 Bergisch Gladbach\"\n\t\t\t><\/iframe>\n\t\t<\/div>\n\t\t\t\t\t\t<\/div>\n\t\t\t\t<\/div>\n\t\t\t\t\t<\/div>\n\t\t\t\t<\/div>\n\t\t\t\t\t<\/div>\n\t\t\t\t<\/div>\n\t\t<div class=\"elementor-element elementor-element-c9fad11 e-flex e-con-boxed e-con e-parent\" data-id=\"c9fad11\" data-element_type=\"container\" data-e-type=\"container\" data-settings=\"{&quot;background_background&quot;:&quot;classic&quot;}\">\n\t\t\t\t\t<div class=\"e-con-inner\">\n\t\t<div class=\"elementor-element elementor-element-bd84b95 e-con-full e-flex e-con e-child\" data-id=\"bd84b95\" data-element_type=\"container\" data-e-type=\"container\">\n\t\t\t\t<div class=\"elementor-element elementor-element-01ec4ce elementor-widget elementor-widget-heading\" data-id=\"01ec4ce\" data-element_type=\"widget\" data-e-type=\"widget\" data-widget_type=\"heading.default\">\n\t\t\t\t<div class=\"elementor-widget-container\">\n\t\t\t\t\t<h2 class=\"elementor-heading-title elementor-size-default\">KONTAKT<\/h2>\t\t\t\t<\/div>\n\t\t\t\t<\/div>\n\t\t\t\t<div class=\"elementor-element elementor-element-3529f71 elementor-widget elementor-widget-text-editor\" data-id=\"3529f71\" data-element_type=\"widget\" data-e-type=\"widget\" data-widget_type=\"text-editor.default\">\n\t\t\t\t<div class=\"elementor-widget-container\">\n\t\t\t\t\t\t\t\t\t<p><strong>Beulendoktor B.V.<\/strong><br \/>Inh. Besim Vranovci<br \/>Richard-Seiffert-Stra\u00dfe 7<br \/>51469 Bergisch Gladbach<\/p><p>Tel: 0162 938 253 2<br \/>E-Mail: mail@beulenzentrale.de\u00a0<\/p>\t\t\t\t\t\t\t\t<\/div>\n\t\t\t\t<\/div>\n\t\t\t\t<\/div>\n\t\t<div class=\"elementor-element elementor-element-594a38d e-con-full e-flex e-con e-child\" data-id=\"594a38d\" data-element_type=\"container\" data-e-type=\"container\">\n\t\t\t\t<div class=\"elementor-element elementor-element-384f40a elementor-widget elementor-widget-heading\" data-id=\"384f40a\" data-element_type=\"widget\" data-e-type=\"widget\" data-widget_type=\"heading.default\">\n\t\t\t\t<div class=\"elementor-widget-container\">\n\t\t\t\t\t<h2 class=\"elementor-heading-title elementor-size-default\">LEISTUNGEN<\/h2>\t\t\t\t<\/div>\n\t\t\t\t<\/div>\n\t\t\t\t<div class=\"elementor-element elementor-element-efe13f1 elementor-widget elementor-widget-text-editor\" data-id=\"efe13f1\" data-element_type=\"widget\" data-e-type=\"widget\" data-widget_type=\"text-editor.default\">\n\t\t\t\t<div class=\"elementor-widget-container\">\n\t\t\t\t\t\t\t\t\t<p>Entfernung von Dellen<br \/>Hagelsch\u00e4den<br \/>Kastaniensch\u00e4den<br \/>Parksch\u00e4den<br \/>Oldtimeraufbereitung<br \/>Keramik Lackversiegelung\u00a0<\/p>\t\t\t\t\t\t\t\t<\/div>\n\t\t\t\t<\/div>\n\t\t\t\t<\/div>\n\t\t<div class=\"elementor-element elementor-element-74956b4 e-con-full e-flex e-con e-child\" data-id=\"74956b4\" data-element_type=\"container\" data-e-type=\"container\">\n\t\t\t\t<div class=\"elementor-element elementor-element-3d38034 elementor-widget elementor-widget-heading\" data-id=\"3d38034\" data-element_type=\"widget\" data-e-type=\"widget\" data-widget_type=\"heading.default\">\n\t\t\t\t<div class=\"elementor-widget-container\">\n\t\t\t\t\t<h2 class=\"elementor-heading-title elementor-size-default\">GESCH\u00c4FTSZEITEN<\/h2>\t\t\t\t<\/div>\n\t\t\t\t<\/div>\n\t\t\t\t<div class=\"elementor-element elementor-element-e97626c elementor-widget elementor-widget-text-editor\" data-id=\"e97626c\" data-element_type=\"widget\" data-e-type=\"widget\" data-widget_type=\"text-editor.default\">\n\t\t\t\t<div class=\"elementor-widget-container\">\n\t\t\t\t\t\t\t\t\t<p>Montag: 09:00-18:00<br \/>Dienstag: 09:00-18:00<br \/>Mittwoch: 09:00-18:00<br \/>Donnerstag: 09:00-18:00<br \/>Freitag: 09:00-18:00<br \/>Samstag: nach Vereinbarung<\/p>\t\t\t\t\t\t\t\t<\/div>\n\t\t\t\t<\/div>\n\t\t\t\t<\/div>\n\t\t\t\t\t<\/div>\n\t\t\t\t<\/div>\n\t\t\t\t<\/div>\n\t\t","protected":false},"excerpt":{"rendered":"<p>SIE BRAUCHEN EINEN ZUVERL\u00c4SSIGEN BEULENDOKTOR? WIR BERATEN SIE JEDERZEIT GERNE UNTER: 0162 938 253 2 Hier finden Sie uns KONTAKT Beulendoktor B.V.Inh. Besim VranovciRichard-Seiffert-Stra\u00dfe 751469 Bergisch Gladbach Tel: 0162 938 253 2E-Mail: mail@beulenzentrale.de\u00a0 LEISTUNGEN Entfernung von DellenHagelsch\u00e4denKastaniensch\u00e4denParksch\u00e4denOldtimeraufbereitungKeramik Lackversiegelung\u00a0 GESCH\u00c4FTSZEITEN Montag: 09:00-18:00Dienstag: 09:00-18:00Mittwoch: 09:00-18:00Donnerstag: 09:00-18:00Freitag: 09:00-18:00Samstag: nach Vereinbarung<\/p>\n","protected":false},"author":1,"featured_media":0,"parent":0,"menu_order":0,"comment_status":"closed","ping_status":"closed","template":"","meta":{"footnotes":""},"class_list":["post-21","page","type-page","status-publish","hentry"],"blocksy_meta":[],"yoast_head":"<!-- This site is optimized with the Yoast SEO plugin v21.7 - https:\/\/yoast.com\/wordpress\/plugins\/seo\/ -->\n<title>Kontakt - Beulenzentrale<\/title>\n<meta name=\"robots\" content=\"index, follow, max-snippet:-1, max-image-preview:large, max-video-preview:-1\" \/>\n<link rel=\"canonical\" href=\"https:\/\/beulenzentrale.de\/?page_id=21\" \/>\n<meta property=\"og:locale\" content=\"de_DE\" \/>\n<meta property=\"og:type\" content=\"article\" \/>\n<meta property=\"og:title\" content=\"Kontakt - Beulenzentrale\" \/>\n<meta property=\"og:description\" content=\"SIE BRAUCHEN EINEN ZUVERL\u00c4SSIGEN BEULENDOKTOR? WIR BERATEN SIE JEDERZEIT GERNE UNTER: 0162 938 253 2 Hier finden Sie uns KONTAKT Beulendoktor B.V.Inh. Besim VranovciRichard-Seiffert-Stra\u00dfe 751469 Bergisch Gladbach Tel: 0162 938 253 2E-Mail: mail@beulenzentrale.de\u00a0 LEISTUNGEN Entfernung von DellenHagelsch\u00e4denKastaniensch\u00e4denParksch\u00e4denOldtimeraufbereitungKeramik Lackversiegelung\u00a0 GESCH\u00c4FTSZEITEN Montag: 09:00-18:00Dienstag: 09:00-18:00Mittwoch: 09:00-18:00Donnerstag: 09:00-18:00Freitag: 09:00-18:00Samstag: nach Vereinbarung\" \/>\n<meta property=\"og:url\" content=\"https:\/\/beulenzentrale.de\/?page_id=21\" \/>\n<meta property=\"og:site_name\" content=\"Beulenzentrale\" \/>\n<meta property=\"article:modified_time\" content=\"2023-12-21T09:15:15+00:00\" \/>\n<meta name=\"twitter:card\" content=\"summary_large_image\" \/>\n<meta name=\"twitter:label1\" content=\"Gesch\u00e4tzte Lesezeit\" \/>\n\t<meta name=\"twitter:data1\" content=\"1 Minute\" \/>\n<script type=\"application\/ld+json\" class=\"yoast-schema-graph\">{\"@context\":\"https:\/\/schema.org\",\"@graph\":[{\"@type\":\"WebPage\",\"@id\":\"https:\/\/beulenzentrale.de\/?page_id=21\",\"url\":\"https:\/\/beulenzentrale.de\/?page_id=21\",\"name\":\"Kontakt - Beulenzentrale\",\"isPartOf\":{\"@id\":\"https:\/\/beulenzentrale.de\/#website\"},\"datePublished\":\"2023-12-20T22:42:33+00:00\",\"dateModified\":\"2023-12-21T09:15:15+00:00\",\"breadcrumb\":{\"@id\":\"https:\/\/beulenzentrale.de\/?page_id=21#breadcrumb\"},\"inLanguage\":\"de-DE\",\"potentialAction\":[{\"@type\":\"ReadAction\",\"target\":[\"https:\/\/beulenzentrale.de\/?page_id=21\"]}]},{\"@type\":\"BreadcrumbList\",\"@id\":\"https:\/\/beulenzentrale.de\/?page_id=21#breadcrumb\",\"itemListElement\":[{\"@type\":\"ListItem\",\"position\":1,\"name\":\"Startseite\",\"item\":\"https:\/\/beulenzentrale.de\/\"},{\"@type\":\"ListItem\",\"position\":2,\"name\":\"Kontakt\"}]},{\"@type\":\"WebSite\",\"@id\":\"https:\/\/beulenzentrale.de\/#website\",\"url\":\"https:\/\/beulenzentrale.de\/\",\"name\":\"Beulenzentrale\",\"description\":\"\",\"publisher\":{\"@id\":\"https:\/\/beulenzentrale.de\/#organization\"},\"potentialAction\":[{\"@type\":\"SearchAction\",\"target\":{\"@type\":\"EntryPoint\",\"urlTemplate\":\"https:\/\/beulenzentrale.de\/?s={search_term_string}\"},\"query-input\":\"required name=search_term_string\"}],\"inLanguage\":\"de-DE\"},{\"@type\":\"Organization\",\"@id\":\"https:\/\/beulenzentrale.de\/#organization\",\"name\":\"Beulenzentrale\",\"url\":\"https:\/\/beulenzentrale.de\/\",\"logo\":{\"@type\":\"ImageObject\",\"inLanguage\":\"de-DE\",\"@id\":\"https:\/\/beulenzentrale.de\/#\/schema\/logo\/image\/\",\"url\":\"https:\/\/beulenzentrale.de\/wp-content\/uploads\/2023\/12\/Logo2018.png\",\"contentUrl\":\"https:\/\/beulenzentrale.de\/wp-content\/uploads\/2023\/12\/Logo2018.png\",\"width\":1002,\"height\":276,\"caption\":\"Beulenzentrale\"},\"image\":{\"@id\":\"https:\/\/beulenzentrale.de\/#\/schema\/logo\/image\/\"}}]}<\/script>\n<!-- \/ Yoast SEO plugin. -->","yoast_head_json":{"title":"Kontakt - Beulenzentrale","robots":{"index":"index","follow":"follow","max-snippet":"max-snippet:-1","max-image-preview":"max-image-preview:large","max-video-preview":"max-video-preview:-1"},"canonical":"https:\/\/beulenzentrale.de\/?page_id=21","og_locale":"de_DE","og_type":"article","og_title":"Kontakt - Beulenzentrale","og_description":"SIE BRAUCHEN EINEN ZUVERL\u00c4SSIGEN BEULENDOKTOR? WIR BERATEN SIE JEDERZEIT GERNE UNTER: 0162 938 253 2 Hier finden Sie uns KONTAKT Beulendoktor B.V.Inh. Besim VranovciRichard-Seiffert-Stra\u00dfe 751469 Bergisch Gladbach Tel: 0162 938 253 2E-Mail: mail@beulenzentrale.de\u00a0 LEISTUNGEN Entfernung von DellenHagelsch\u00e4denKastaniensch\u00e4denParksch\u00e4denOldtimeraufbereitungKeramik Lackversiegelung\u00a0 GESCH\u00c4FTSZEITEN Montag: 09:00-18:00Dienstag: 09:00-18:00Mittwoch: 09:00-18:00Donnerstag: 09:00-18:00Freitag: 09:00-18:00Samstag: nach Vereinbarung","og_url":"https:\/\/beulenzentrale.de\/?page_id=21","og_site_name":"Beulenzentrale","article_modified_time":"2023-12-21T09:15:15+00:00","twitter_card":"summary_large_image","twitter_misc":{"Gesch\u00e4tzte Lesezeit":"1 Minute"},"schema":{"@context":"https:\/\/schema.org","@graph":[{"@type":"WebPage","@id":"https:\/\/beulenzentrale.de\/?page_id=21","url":"https:\/\/beulenzentrale.de\/?page_id=21","name":"Kontakt - Beulenzentrale","isPartOf":{"@id":"https:\/\/beulenzentrale.de\/#website"},"datePublished":"2023-12-20T22:42:33+00:00","dateModified":"2023-12-21T09:15:15+00:00","breadcrumb":{"@id":"https:\/\/beulenzentrale.de\/?page_id=21#breadcrumb"},"inLanguage":"de-DE","potentialAction":[{"@type":"ReadAction","target":["https:\/\/beulenzentrale.de\/?page_id=21"]}]},{"@type":"BreadcrumbList","@id":"https:\/\/beulenzentrale.de\/?page_id=21#breadcrumb","itemListElement":[{"@type":"ListItem","position":1,"name":"Startseite","item":"https:\/\/beulenzentrale.de\/"},{"@type":"ListItem","position":2,"name":"Kontakt"}]},{"@type":"WebSite","@id":"https:\/\/beulenzentrale.de\/#website","url":"https:\/\/beulenzentrale.de\/","name":"Beulenzentrale","description":"","publisher":{"@id":"https:\/\/beulenzentrale.de\/#organization"},"potentialAction":[{"@type":"SearchAction","target":{"@type":"EntryPoint","urlTemplate":"https:\/\/beulenzentrale.de\/?s={search_term_string}"},"query-input":"required name=search_term_string"}],"inLanguage":"de-DE"},{"@type":"Organization","@id":"https:\/\/beulenzentrale.de\/#organization","name":"Beulenzentrale","url":"https:\/\/beulenzentrale.de\/","logo":{"@type":"ImageObject","inLanguage":"de-DE","@id":"https:\/\/beulenzentrale.de\/#\/schema\/logo\/image\/","url":"https:\/\/beulenzentrale.de\/wp-content\/uploads\/2023\/12\/Logo2018.png","contentUrl":"https:\/\/beulenzentrale.de\/wp-content\/uploads\/2023\/12\/Logo2018.png","width":1002,"height":276,"caption":"Beulenzentrale"},"image":{"@id":"https:\/\/beulenzentrale.de\/#\/schema\/logo\/image\/"}}]}},"_links":{"self":[{"href":"https:\/\/beulenzentrale.de\/index.php?rest_route=\/wp\/v2\/pages\/21"}],"collection":[{"href":"https:\/\/beulenzentrale.de\/index.php?rest_route=\/wp\/v2\/pages"}],"about":[{"href":"https:\/\/beulenzentrale.de\/index.php?rest_route=\/wp\/v2\/types\/page"}],"author":[{"embeddable":true,"href":"https:\/\/beulenzentrale.de\/index.php?rest_route=\/wp\/v2\/users\/1"}],"replies":[{"embeddable":true,"href":"https:\/\/beulenzentrale.de\/index.php?rest_route=%2Fwp%2Fv2%2Fcomments&post=21"}],"version-history":[{"count":13,"href":"https:\/\/beulenzentrale.de\/index.php?rest_route=\/wp\/v2\/pages\/21\/revisions"}],"predecessor-version":[{"id":136,"href":"https:\/\/beulenzentrale.de\/index.php?rest_route=\/wp\/v2\/pages\/21\/revisions\/136"}],"wp:attachment":[{"href":"https:\/\/beulenzentrale.de\/index.php?rest_route=%2Fwp%2Fv2%2Fmedia&parent=21"}],"curies":[{"name":"wp","href":"https:\/\/api.w.org\/{rel}","templated":true}]}}