{"id":8,"date":"2023-12-20T20:37:41","date_gmt":"2023-12-20T20:37:41","guid":{"rendered":"https:\/\/beulenzentrale.de\/?page_id=8"},"modified":"2023-12-21T09:45:54","modified_gmt":"2023-12-21T09:45:54","slug":"impressum","status":"publish","type":"page","link":"https:\/\/beulenzentrale.de\/?page_id=8","title":{"rendered":"Impressum"},"content":{"rendered":"\t\t<div data-elementor-type=\"wp-page\" data-elementor-id=\"8\" class=\"elementor elementor-8\">\n\t\t\t\t<div class=\"elementor-element elementor-element-476d234 e-flex e-con-boxed e-con e-parent\" data-id=\"476d234\" data-element_type=\"container\" data-e-type=\"container\">\n\t\t\t\t\t<div class=\"e-con-inner\">\n\t\t\t\t<div class=\"elementor-element elementor-element-1061213 elementor-widget elementor-widget-text-editor\" data-id=\"1061213\" data-element_type=\"widget\" data-e-type=\"widget\" data-widget_type=\"text-editor.default\">\n\t\t\t\t<div class=\"elementor-widget-container\">\n\t\t\t\t\t\t\t\t\t<div class=\"elementor-element elementor-element-2932b1b elementor-widget elementor-widget-heading\" data-id=\"2932b1b\" data-element_type=\"widget\" data-widget_type=\"heading.default\"><div class=\"elementor-widget-container\"><h2 class=\"elementor-heading-title elementor-size-default\">Impressum<\/h2><\/div><\/div><div class=\"elementor-element elementor-element-0847e26 elementor-widget elementor-widget-text-editor\" data-id=\"0847e26\" data-element_type=\"widget\" data-widget_type=\"text-editor.default\"><div class=\"elementor-widget-container\"><p>Beulendoktor B. V.<br \/>Richard-Seiffert-Stra\u00dfe 7<br \/>51469 Bergisch Gladbach<\/p><p>Tel: 0162 9382532<br \/>E-Mail: mail@beulenzentrale.de<\/p><p><strong>Vertreten durch:<\/strong><br \/>Besim Vranovci<br \/>Beulendoktor B. V.<br \/>Richard-Seiffert-Stra\u00dfe 7<br \/>51469 Bergisch Gladbach<\/p><h5>Kontakt<\/h5><p>Tel: 0162 9382532<br \/>E-Mail: mail@beulenzentrale.de<\/p><h5>Umsatzsteuer-ID<\/h5><p>Umsatzsteuer-Identifikationsnummer gem\u00e4\u00df \u00a7 27 a Umsatzsteuergesetz:<br \/>wird beigef\u00fcgt<\/p><h5>Verantwortlich f\u00fcr den Inhalt nach \u00a7 55 Abs. 2 RStV<\/h5><p>Besim Vranovci<br \/>Beulendoktor B. V.<br \/>Richard-Seiffert-Stra\u00dfe 7<br \/>51469 Bergisch Gladbach<\/p><h5>EU-Streitschlichtung<\/h5><p>Die Europ\u00e4ische Kommission stellt eine Plattform zur Online-Streitbeilegung (OS) bereit:\u00a0<a href=\"https:\/\/ec.europa.eu\/consumers\/odr\" target=\"_blank\" rel=\"noopener noreferrer\">https:\/\/ec.europa.eu\/consumers\/odr<\/a>.<br \/>Unsere E-Mail-Adresse finden Sie oben im Impressum.<\/p><h5>Verbraucher\u00adstreit\u00adbeilegung\/Universal\u00adschlichtungs\u00adstelle<\/h5><p>Wir sind nicht bereit oder verpflichtet, an Streitbeilegungsverfahren vor einer Verbraucherschlichtungsstelle teilzunehmen.<\/p><h5>Haftung f\u00fcr Inhalte<\/h5><p>Als Diensteanbieter sind wir gem\u00e4\u00df \u00a7 7 Abs.1 TMG f\u00fcr eigene Inhalte auf diesen Seiten nach den allgemeinen Gesetzen verantwortlich. Nach \u00a7\u00a7 8 bis 10 TMG sind wir als Diensteanbieter jedoch nicht verpflichtet, \u00fcbermittelte oder gespeicherte fremde Informationen zu \u00fcberwachen oder nach Umst\u00e4nden zu forschen, die auf eine rechtswidrige T\u00e4tigkeit hinweisen.<\/p><p>Verpflichtungen zur Entfernung oder Sperrung der Nutzung von Informationen nach den allgemeinen Gesetzen bleiben hiervon unber\u00fchrt. Eine diesbez\u00fcgliche Haftung ist jedoch erst ab dem Zeitpunkt der Kenntnis einer konkreten Rechtsverletzung m\u00f6glich. Bei Bekanntwerden von entsprechenden Rechtsverletzungen werden wir diese Inhalte umgehend entfernen.<\/p><h5>Haftung f\u00fcr Links<\/h5><p>Unser Angebot enth\u00e4lt Links zu externen Websites Dritter, auf deren Inhalte wir keinen Einfluss haben. Deshalb k\u00f6nnen wir f\u00fcr diese fremden Inhalte auch keine Gew\u00e4hr \u00fcbernehmen. F\u00fcr die Inhalte der verlinkten Seiten ist stets der jeweilige Anbieter oder Betreiber der Seiten verantwortlich. Die verlinkten Seiten wurden zum Zeitpunkt der Verlinkung auf m\u00f6gliche Rechtsverst\u00f6\u00dfe \u00fcberpr\u00fcft. Rechtswidrige Inhalte waren zum Zeitpunkt der Verlinkung nicht erkennbar.<\/p><p>Eine permanente inhaltliche Kontrolle der verlinkten Seiten ist jedoch ohne konkrete Anhaltspunkte einer Rechtsverletzung nicht zumutbar. Bei Bekanntwerden von Rechtsverletzungen werden wir derartige Links umgehend entfernen.<\/p><h5>Urheberrecht<\/h5><p>Die durch die Seitenbetreiber erstellten Inhalte und Werke auf diesen Seiten unterliegen dem deutschen Urheberrecht. Die Vervielf\u00e4ltigung, Bearbeitung, Verbreitung und jede Art der Verwertung au\u00dferhalb der Grenzen des Urheberrechtes bed\u00fcrfen der schriftlichen Zustimmung des jeweiligen Autors bzw. Erstellers. Downloads und Kopien dieser Seite sind nur f\u00fcr den privaten, nicht kommerziellen Gebrauch gestattet.<\/p><p>Soweit die Inhalte auf dieser Seite nicht vom Betreiber erstellt wurden, werden die Urheberrechte Dritter beachtet. Insbesondere werden Inhalte Dritter als solche gekennzeichnet. Sollten Sie trotzdem auf eine Urheberrechtsverletzung aufmerksam werden, bitten wir um einen entsprechenden Hinweis. Bei Bekanntwerden von Rechtsverletzungen werden wir derartige Inhalte umgehend entfernen.<\/p><\/div><\/div>\t\t\t\t\t\t\t\t<\/div>\n\t\t\t\t<\/div>\n\t\t\t\t\t<\/div>\n\t\t\t\t<\/div>\n\t\t<div class=\"elementor-element elementor-element-19eb85c e-flex e-con-boxed e-con e-parent\" data-id=\"19eb85c\" data-element_type=\"container\" data-e-type=\"container\" data-settings=\"{&quot;background_background&quot;:&quot;classic&quot;}\">\n\t\t\t\t\t<div class=\"e-con-inner\">\n\t\t<div class=\"elementor-element elementor-element-98cd00c e-con-full e-flex e-con e-child\" data-id=\"98cd00c\" data-element_type=\"container\" data-e-type=\"container\">\n\t\t\t\t<div class=\"elementor-element elementor-element-c22a268 elementor-widget elementor-widget-heading\" data-id=\"c22a268\" data-element_type=\"widget\" data-e-type=\"widget\" data-widget_type=\"heading.default\">\n\t\t\t\t<div class=\"elementor-widget-container\">\n\t\t\t\t\t<h2 class=\"elementor-heading-title elementor-size-default\">KONTAKT<\/h2>\t\t\t\t<\/div>\n\t\t\t\t<\/div>\n\t\t\t\t<div class=\"elementor-element elementor-element-b54d8fd elementor-widget elementor-widget-text-editor\" data-id=\"b54d8fd\" data-element_type=\"widget\" data-e-type=\"widget\" data-widget_type=\"text-editor.default\">\n\t\t\t\t<div class=\"elementor-widget-container\">\n\t\t\t\t\t\t\t\t\t<p><strong>Beulendoktor B.V.<\/strong><br \/>Inh. Besim Vranovci<br \/>Richard-Seiffert-Stra\u00dfe 7<br \/>51469 Bergisch Gladbach<\/p><p>Tel: 0162 938 253 2<br \/>E-Mail: mail@beulenzentrale.de\u00a0<\/p>\t\t\t\t\t\t\t\t<\/div>\n\t\t\t\t<\/div>\n\t\t\t\t<\/div>\n\t\t<div class=\"elementor-element elementor-element-e379f52 e-con-full e-flex e-con e-child\" data-id=\"e379f52\" data-element_type=\"container\" data-e-type=\"container\">\n\t\t\t\t<div class=\"elementor-element elementor-element-c520f92 elementor-widget elementor-widget-heading\" data-id=\"c520f92\" data-element_type=\"widget\" data-e-type=\"widget\" data-widget_type=\"heading.default\">\n\t\t\t\t<div class=\"elementor-widget-container\">\n\t\t\t\t\t<h2 class=\"elementor-heading-title elementor-size-default\">LEISTUNGEN<\/h2>\t\t\t\t<\/div>\n\t\t\t\t<\/div>\n\t\t\t\t<div class=\"elementor-element elementor-element-c9b98bd elementor-widget elementor-widget-text-editor\" data-id=\"c9b98bd\" data-element_type=\"widget\" data-e-type=\"widget\" data-widget_type=\"text-editor.default\">\n\t\t\t\t<div class=\"elementor-widget-container\">\n\t\t\t\t\t\t\t\t\t<p>Entfernung von Dellen<br \/>Hagelsch\u00e4den<br \/>Kastaniensch\u00e4den<br \/>Parksch\u00e4den<br \/>Oldtimeraufbereitung<br \/>Keramik Lackversiegelung\u00a0<\/p>\t\t\t\t\t\t\t\t<\/div>\n\t\t\t\t<\/div>\n\t\t\t\t<\/div>\n\t\t<div class=\"elementor-element elementor-element-0aa2d80 e-con-full e-flex e-con e-child\" data-id=\"0aa2d80\" data-element_type=\"container\" data-e-type=\"container\">\n\t\t\t\t<div class=\"elementor-element elementor-element-dece863 elementor-widget elementor-widget-heading\" data-id=\"dece863\" data-element_type=\"widget\" data-e-type=\"widget\" data-widget_type=\"heading.default\">\n\t\t\t\t<div class=\"elementor-widget-container\">\n\t\t\t\t\t<h2 class=\"elementor-heading-title elementor-size-default\">GESCH\u00c4FTSZEITEN<\/h2>\t\t\t\t<\/div>\n\t\t\t\t<\/div>\n\t\t\t\t<div class=\"elementor-element elementor-element-146ef18 elementor-widget elementor-widget-text-editor\" data-id=\"146ef18\" data-element_type=\"widget\" data-e-type=\"widget\" data-widget_type=\"text-editor.default\">\n\t\t\t\t<div class=\"elementor-widget-container\">\n\t\t\t\t\t\t\t\t\t<p>Montag: 09:00-18:00<br \/>Dienstag: 09:00-18:00<br \/>Mittwoch: 09:00-18:00<br \/>Donnerstag: 09:00-18:00<br \/>Freitag: 09:00-18:00<br \/>Samstag: nach Vereinbarung<\/p>\t\t\t\t\t\t\t\t<\/div>\n\t\t\t\t<\/div>\n\t\t\t\t<\/div>\n\t\t\t\t\t<\/div>\n\t\t\t\t<\/div>\n\t\t\t\t<\/div>\n\t\t","protected":false},"excerpt":{"rendered":"<p>Impressum Beulendoktor B. V.Richard-Seiffert-Stra\u00dfe 751469 Bergisch Gladbach Tel: 0162 9382532E-Mail: mail@beulenzentrale.de Vertreten durch:Besim VranovciBeulendoktor B. V.Richard-Seiffert-Stra\u00dfe 751469 Bergisch Gladbach Kontakt Tel: 0162 9382532E-Mail: mail@beulenzentrale.de Umsatzsteuer-ID Umsatzsteuer-Identifikationsnummer gem\u00e4\u00df \u00a7 27 a Umsatzsteuergesetz:wird beigef\u00fcgt Verantwortlich f\u00fcr den Inhalt nach \u00a7 55 Abs. 2 RStV Besim VranovciBeulendoktor B. V.Richard-Seiffert-Stra\u00dfe 751469 Bergisch Gladbach EU-Streitschlichtung Die Europ\u00e4ische Kommission stellt eine [&hellip;]<\/p>\n","protected":false},"author":1,"featured_media":0,"parent":0,"menu_order":0,"comment_status":"closed","ping_status":"closed","template":"","meta":{"footnotes":""},"class_list":["post-8","page","type-page","status-publish","hentry"],"blocksy_meta":[],"yoast_head":"<!-- This site is optimized with the Yoast SEO plugin v21.7 - https:\/\/yoast.com\/wordpress\/plugins\/seo\/ -->\n<title>Impressum - Beulenzentrale<\/title>\n<meta name=\"robots\" content=\"index, follow, max-snippet:-1, max-image-preview:large, max-video-preview:-1\" \/>\n<link rel=\"canonical\" href=\"https:\/\/beulenzentrale.de\/?page_id=8\" \/>\n<meta property=\"og:locale\" content=\"de_DE\" \/>\n<meta property=\"og:type\" content=\"article\" \/>\n<meta property=\"og:title\" content=\"Impressum - Beulenzentrale\" \/>\n<meta property=\"og:description\" content=\"Impressum Beulendoktor B. V.Richard-Seiffert-Stra\u00dfe 751469 Bergisch Gladbach Tel: 0162 9382532E-Mail: mail@beulenzentrale.de Vertreten durch:Besim VranovciBeulendoktor B. V.Richard-Seiffert-Stra\u00dfe 751469 Bergisch Gladbach Kontakt Tel: 0162 9382532E-Mail: mail@beulenzentrale.de Umsatzsteuer-ID Umsatzsteuer-Identifikationsnummer gem\u00e4\u00df \u00a7 27 a Umsatzsteuergesetz:wird beigef\u00fcgt Verantwortlich f\u00fcr den Inhalt nach \u00a7 55 Abs. 2 RStV Besim VranovciBeulendoktor B. V.Richard-Seiffert-Stra\u00dfe 751469 Bergisch Gladbach EU-Streitschlichtung Die Europ\u00e4ische Kommission stellt eine [&hellip;]\" \/>\n<meta property=\"og:url\" content=\"https:\/\/beulenzentrale.de\/?page_id=8\" \/>\n<meta property=\"og:site_name\" content=\"Beulenzentrale\" \/>\n<meta property=\"article:modified_time\" content=\"2023-12-21T09:45:54+00:00\" \/>\n<meta name=\"twitter:card\" content=\"summary_large_image\" \/>\n<meta name=\"twitter:label1\" content=\"Gesch\u00e4tzte Lesezeit\" \/>\n\t<meta name=\"twitter:data1\" content=\"5 Minuten\" \/>\n<script type=\"application\/ld+json\" class=\"yoast-schema-graph\">{\"@context\":\"https:\/\/schema.org\",\"@graph\":[{\"@type\":\"WebPage\",\"@id\":\"https:\/\/beulenzentrale.de\/?page_id=8\",\"url\":\"https:\/\/beulenzentrale.de\/?page_id=8\",\"name\":\"Impressum - Beulenzentrale\",\"isPartOf\":{\"@id\":\"https:\/\/beulenzentrale.de\/#website\"},\"datePublished\":\"2023-12-20T20:37:41+00:00\",\"dateModified\":\"2023-12-21T09:45:54+00:00\",\"breadcrumb\":{\"@id\":\"https:\/\/beulenzentrale.de\/?page_id=8#breadcrumb\"},\"inLanguage\":\"de-DE\",\"potentialAction\":[{\"@type\":\"ReadAction\",\"target\":[\"https:\/\/beulenzentrale.de\/?page_id=8\"]}]},{\"@type\":\"BreadcrumbList\",\"@id\":\"https:\/\/beulenzentrale.de\/?page_id=8#breadcrumb\",\"itemListElement\":[{\"@type\":\"ListItem\",\"position\":1,\"name\":\"Startseite\",\"item\":\"https:\/\/beulenzentrale.de\/\"},{\"@type\":\"ListItem\",\"position\":2,\"name\":\"Impressum\"}]},{\"@type\":\"WebSite\",\"@id\":\"https:\/\/beulenzentrale.de\/#website\",\"url\":\"https:\/\/beulenzentrale.de\/\",\"name\":\"Beulenzentrale\",\"description\":\"\",\"publisher\":{\"@id\":\"https:\/\/beulenzentrale.de\/#organization\"},\"potentialAction\":[{\"@type\":\"SearchAction\",\"target\":{\"@type\":\"EntryPoint\",\"urlTemplate\":\"https:\/\/beulenzentrale.de\/?s={search_term_string}\"},\"query-input\":\"required name=search_term_string\"}],\"inLanguage\":\"de-DE\"},{\"@type\":\"Organization\",\"@id\":\"https:\/\/beulenzentrale.de\/#organization\",\"name\":\"Beulenzentrale\",\"url\":\"https:\/\/beulenzentrale.de\/\",\"logo\":{\"@type\":\"ImageObject\",\"inLanguage\":\"de-DE\",\"@id\":\"https:\/\/beulenzentrale.de\/#\/schema\/logo\/image\/\",\"url\":\"https:\/\/beulenzentrale.de\/wp-content\/uploads\/2023\/12\/Logo2018.png\",\"contentUrl\":\"https:\/\/beulenzentrale.de\/wp-content\/uploads\/2023\/12\/Logo2018.png\",\"width\":1002,\"height\":276,\"caption\":\"Beulenzentrale\"},\"image\":{\"@id\":\"https:\/\/beulenzentrale.de\/#\/schema\/logo\/image\/\"}}]}<\/script>\n<!-- \/ Yoast SEO plugin. -->","yoast_head_json":{"title":"Impressum - Beulenzentrale","robots":{"index":"index","follow":"follow","max-snippet":"max-snippet:-1","max-image-preview":"max-image-preview:large","max-video-preview":"max-video-preview:-1"},"canonical":"https:\/\/beulenzentrale.de\/?page_id=8","og_locale":"de_DE","og_type":"article","og_title":"Impressum - Beulenzentrale","og_description":"Impressum Beulendoktor B. V.Richard-Seiffert-Stra\u00dfe 751469 Bergisch Gladbach Tel: 0162 9382532E-Mail: mail@beulenzentrale.de Vertreten durch:Besim VranovciBeulendoktor B. V.Richard-Seiffert-Stra\u00dfe 751469 Bergisch Gladbach Kontakt Tel: 0162 9382532E-Mail: mail@beulenzentrale.de Umsatzsteuer-ID Umsatzsteuer-Identifikationsnummer gem\u00e4\u00df \u00a7 27 a Umsatzsteuergesetz:wird beigef\u00fcgt Verantwortlich f\u00fcr den Inhalt nach \u00a7 55 Abs. 2 RStV Besim VranovciBeulendoktor B. V.Richard-Seiffert-Stra\u00dfe 751469 Bergisch Gladbach EU-Streitschlichtung Die Europ\u00e4ische Kommission stellt eine [&hellip;]","og_url":"https:\/\/beulenzentrale.de\/?page_id=8","og_site_name":"Beulenzentrale","article_modified_time":"2023-12-21T09:45:54+00:00","twitter_card":"summary_large_image","twitter_misc":{"Gesch\u00e4tzte Lesezeit":"5 Minuten"},"schema":{"@context":"https:\/\/schema.org","@graph":[{"@type":"WebPage","@id":"https:\/\/beulenzentrale.de\/?page_id=8","url":"https:\/\/beulenzentrale.de\/?page_id=8","name":"Impressum - Beulenzentrale","isPartOf":{"@id":"https:\/\/beulenzentrale.de\/#website"},"datePublished":"2023-12-20T20:37:41+00:00","dateModified":"2023-12-21T09:45:54+00:00","breadcrumb":{"@id":"https:\/\/beulenzentrale.de\/?page_id=8#breadcrumb"},"inLanguage":"de-DE","potentialAction":[{"@type":"ReadAction","target":["https:\/\/beulenzentrale.de\/?page_id=8"]}]},{"@type":"BreadcrumbList","@id":"https:\/\/beulenzentrale.de\/?page_id=8#breadcrumb","itemListElement":[{"@type":"ListItem","position":1,"name":"Startseite","item":"https:\/\/beulenzentrale.de\/"},{"@type":"ListItem","position":2,"name":"Impressum"}]},{"@type":"WebSite","@id":"https:\/\/beulenzentrale.de\/#website","url":"https:\/\/beulenzentrale.de\/","name":"Beulenzentrale","description":"","publisher":{"@id":"https:\/\/beulenzentrale.de\/#organization"},"potentialAction":[{"@type":"SearchAction","target":{"@type":"EntryPoint","urlTemplate":"https:\/\/beulenzentrale.de\/?s={search_term_string}"},"query-input":"required name=search_term_string"}],"inLanguage":"de-DE"},{"@type":"Organization","@id":"https:\/\/beulenzentrale.de\/#organization","name":"Beulenzentrale","url":"https:\/\/beulenzentrale.de\/","logo":{"@type":"ImageObject","inLanguage":"de-DE","@id":"https:\/\/beulenzentrale.de\/#\/schema\/logo\/image\/","url":"https:\/\/beulenzentrale.de\/wp-content\/uploads\/2023\/12\/Logo2018.png","contentUrl":"https:\/\/beulenzentrale.de\/wp-content\/uploads\/2023\/12\/Logo2018.png","width":1002,"height":276,"caption":"Beulenzentrale"},"image":{"@id":"https:\/\/beulenzentrale.de\/#\/schema\/logo\/image\/"}}]}},"_links":{"self":[{"href":"https:\/\/beulenzentrale.de\/index.php?rest_route=\/wp\/v2\/pages\/8"}],"collection":[{"href":"https:\/\/beulenzentrale.de\/index.php?rest_route=\/wp\/v2\/pages"}],"about":[{"href":"https:\/\/beulenzentrale.de\/index.php?rest_route=\/wp\/v2\/types\/page"}],"author":[{"embeddable":true,"href":"https:\/\/beulenzentrale.de\/index.php?rest_route=\/wp\/v2\/users\/1"}],"replies":[{"embeddable":true,"href":"https:\/\/beulenzentrale.de\/index.php?rest_route=%2Fwp%2Fv2%2Fcomments&post=8"}],"version-history":[{"count":7,"href":"https:\/\/beulenzentrale.de\/index.php?rest_route=\/wp\/v2\/pages\/8\/revisions"}],"predecessor-version":[{"id":153,"href":"https:\/\/beulenzentrale.de\/index.php?rest_route=\/wp\/v2\/pages\/8\/revisions\/153"}],"wp:attachment":[{"href":"https:\/\/beulenzentrale.de\/index.php?rest_route=%2Fwp%2Fv2%2Fmedia&parent=8"}],"curies":[{"name":"wp","href":"https:\/\/api.w.org\/{rel}","templated":true}]}}